{"id":840,"date":"2008-10-18T19:59:19","date_gmt":"2008-10-18T17:59:19","guid":{"rendered":"https:\/\/minus.jolinest.com\/?page_id=840"},"modified":"2008-12-15T10:01:11","modified_gmt":"2008-12-15T08:01:11","slug":"about-james","status":"publish","type":"page","link":"https:\/\/minus.jolinest.com\/?page_id=840","title":{"rendered":"About James"},"content":{"rendered":"<p><a href=\"https:\/\/minus.jolinest.com\/wp-content\/uploads\/2008\/10\/dsc003001.jpg\"><img loading=\"lazy\" decoding=\"async\" class=\"alignnone size-medium wp-image-841\" title=\"dsc003001\" src=\"https:\/\/minus.jolinest.com\/wp-content\/uploads\/2008\/10\/dsc003001-300x225.jpg\" alt=\"\" width=\"300\" height=\"225\" \/><\/a><\/p>\n<p>My name is James Edgar Maximilian Gueneau &#8230;<\/p>\n<p><strong>James<\/strong> : cuz Mummy &amp; Daddy wanted an English name, that could only be pronounced the English way. It also had to be a name of a poet &amp; rock star.<br \/>\nThis name was very quickly in the TOP 5. It also was the first guess for Granny, P\u00e9p\u00e9, Jenny and many friends&#8230; so it soon became the obvious first name.<\/p>\n<p>One day Mummy &amp; Granny were in the car (I was still in Mummy&#8217;s tummy) &#8211; Granny tested a few names and started with James. Mummy made a weird face &#8211; Granny was nearly convinced that she had guessed right, but Mummy managed to trick her into thinking of other names.<\/p>\n<p>Granny thought for a very long time it would be Paul for Paul Mc Cartney &#8211; Daddy&#8217;s an absolute fan, and it&#8217;s a name of rock star &amp; poet &#8230; Granny was on the right trck but she did not know that Paul&#8217;s real first name is JAMES \ud83d\ude09<\/p>\n<p><strong>Edgar<\/strong> : cuz Mummy &amp; Daddy really really liked this one. And Sinsemila member Mike has nicked-named Daddy EDGAR and also because Mummy loved OSCAR and Daddy though it was a Fish name &#8230; so Let it be EDGAR.<strong><\/strong><\/p>\n<p><strong>Maximilian<\/strong> : cuz it&#8217;s always been in the SCHLEIPFER family : P\u00e9p\u00e9 Richard, Arri\u00e8re P\u00e9p\u00e9 Maximilien &#8230;<br \/>\nbut Mummy wanted to twist it a bit so its Maximilian with IAN so it sounds more British.<\/p>\n<p><strong>Gueneau<\/strong> : cuz huge debate between Mummy &amp; Daddy on what name to take : Schleipfer-Gueneau, Gueneau-Schleipfer, Schleipfer, Gueneau &#8230; and finally Mummy gave in &#8211; because she loves Daddy and because I will always be a little SCHLEIPFER whatever anyone says !<\/p>\n","protected":false},"excerpt":{"rendered":"<p>My name is James Edgar Maximilian Gueneau &#8230; James : cuz Mummy &amp; Daddy wanted an English name, that could only be pronounced the English way. It also had to be a name of a poet &amp; rock star. This name was very quickly in the TOP 5. It also was the first guess for [&hellip;]<\/p>\n","protected":false},"author":1,"featured_media":0,"parent":0,"menu_order":0,"comment_status":"open","ping_status":"open","template":"","meta":{"footnotes":""},"class_list":["post-840","page","type-page","status-publish","hentry"],"_links":{"self":[{"href":"https:\/\/minus.jolinest.com\/index.php?rest_route=\/wp\/v2\/pages\/840"}],"collection":[{"href":"https:\/\/minus.jolinest.com\/index.php?rest_route=\/wp\/v2\/pages"}],"about":[{"href":"https:\/\/minus.jolinest.com\/index.php?rest_route=\/wp\/v2\/types\/page"}],"author":[{"embeddable":true,"href":"https:\/\/minus.jolinest.com\/index.php?rest_route=\/wp\/v2\/users\/1"}],"replies":[{"embeddable":true,"href":"https:\/\/minus.jolinest.com\/index.php?rest_route=%2Fwp%2Fv2%2Fcomments&post=840"}],"version-history":[{"count":5,"href":"https:\/\/minus.jolinest.com\/index.php?rest_route=\/wp\/v2\/pages\/840\/revisions"}],"predecessor-version":[{"id":2692,"href":"https:\/\/minus.jolinest.com\/index.php?rest_route=\/wp\/v2\/pages\/840\/revisions\/2692"}],"wp:attachment":[{"href":"https:\/\/minus.jolinest.com\/index.php?rest_route=%2Fwp%2Fv2%2Fmedia&parent=840"}],"curies":[{"name":"wp","href":"https:\/\/api.w.org\/{rel}","templated":true}]}}